{"id":6,"date":"2026-02-24T08:09:15","date_gmt":"2026-02-24T08:09:15","guid":{"rendered":"https:\/\/cobatamky.vn\/?page_id=6"},"modified":"2026-03-11T08:10:45","modified_gmt":"2026-03-11T08:10:45","slug":"trang-chu","status":"publish","type":"page","link":"https:\/\/cobatamky.vn\/","title":{"rendered":"TRANG CH\u1ee6"},"content":{"rendered":"\n<h3 class=\"wp-block-heading\">\ud83c\udf3e Dinh d\u01b0\u1ee1ng t\u1eeb l\u00faa t\u1ebb \u0111en truy\u1ec1n th\u1ed1ng &#8211; 20 n\u0103m nghi\u00ean c\u1ee9u v\u00ec s\u1ee9c kh\u1ecfe ng\u01b0\u1eddi Vi\u1ec7t<\/h3>\n\n\n\n<div class=\"wp-block-cover aligncenter\"><img loading=\"lazy\" decoding=\"async\" width=\"1024\" height=\"468\" class=\"wp-block-cover__image-background wp-image-19 size-large\" alt=\"\" src=\"http:\/\/cobatamky.vn\/wp-content\/uploads\/2026\/02\/anh-bia-1024x468.jpg\" data-object-fit=\"cover\" srcset=\"https:\/\/cobatamky.vn\/wp-content\/uploads\/2026\/02\/anh-bia-1024x468.jpg 1024w, https:\/\/cobatamky.vn\/wp-content\/uploads\/2026\/02\/anh-bia-300x137.jpg 300w, https:\/\/cobatamky.vn\/wp-content\/uploads\/2026\/02\/anh-bia-768x351.jpg 768w, https:\/\/cobatamky.vn\/wp-content\/uploads\/2026\/02\/anh-bia.jpg 1130w\" sizes=\"auto, (max-width: 1024px) 100vw, 1024px\" \/><span aria-hidden=\"true\" class=\"wp-block-cover__background has-background-dim-70 has-background-dim\" style=\"background-color:#4a2f22\"><\/span><div class=\"wp-block-cover__inner-container is-layout-constrained wp-block-cover-is-layout-constrained\">\n<p class=\"has-text-align-center has-ast-global-color-4-color has-text-color has-link-color wp-elements-06e2e35a44fa5a983520a8b00ce2f7fe\" style=\"font-size:40px\">H\u00c0NH TR\u00ccNH 20 N\u0102M<br>G\u1eaeN B\u00d3 V\u1edaI L\u00daA T\u1eba \u0110EN<\/p>\n\n\n\n<p class=\"has-text-align-center has-ast-global-color-5-color has-text-color has-link-color has-medium-font-size wp-elements-3e3c734aeec97c7809c553549eeb1edb\">Gi\u1eef g\u00ecn v\u00e0 ph\u00e1t tri\u1ec3n gi\u1ed1ng l\u00faa T\u1ebb \u0111en qu\u00fd \u2013 c\u00e2n b\u1eb1ng dinh d\u01b0\u1ee1ng cho ng\u01b0\u1eddi Vi\u1ec7t.<\/p>\n\n\n\n<div class=\"wp-block-buttons is-content-justification-center is-layout-flex wp-container-core-buttons-is-layout-b20f1b96 wp-block-buttons-is-layout-flex\">\n<div class=\"wp-block-button is-style-fill\"><a class=\"wp-block-button__link has-ast-global-color-4-color has-text-color has-background has-link-color has-medium-font-size has-text-align-center has-custom-font-size wp-element-button\" style=\"border-top-left-radius:6px;border-top-right-radius:6px;border-bottom-left-radius:6px;border-bottom-right-radius:6px;background-color:#5c3a29;padding-top:var(--wp--preset--spacing--30);padding-right:var(--wp--preset--spacing--30);padding-bottom:var(--wp--preset--spacing--30);padding-left:var(--wp--preset--spacing--30)\">\u0110\u1eb6T H\u00c0NG QUA ZALO<\/a><\/div>\n<\/div>\n<\/div><\/div>\n\n\n\n<h2 class=\"wp-block-heading has-text-align-center has-text-color has-link-color wp-elements-ce44bb178b10a413fb065693092e5efe\" style=\"color:#5c3a29;margin-top:var(--wp--preset--spacing--50);margin-right:var(--wp--preset--spacing--50);margin-bottom:var(--wp--preset--spacing--50);margin-left:var(--wp--preset--spacing--50);font-size:32px\"><strong>GI\u00c1 TR\u1eca C\u1ed0T L\u00d5I C\u1ee6A C\u00d4 BA TAM K\u1ef2<\/strong><\/h2>\n\n\n\n<div class=\"wp-block-columns has-background is-layout-flex wp-container-core-columns-is-layout-08797f64 wp-block-columns-is-layout-flex\" style=\"background-color:#f3ece6;padding-top:25px;padding-right:25px;padding-bottom:25px;padding-left:25px\">\n<div class=\"wp-block-column is-vertically-aligned-center is-layout-flow wp-block-column-is-layout-flow\">\n<h2 class=\"wp-block-heading has-medium-font-size\">\ud83c\udf31  <strong>Gi\u1ed1ng l\u00faa qu\u00fd<\/strong><\/h2>\n\n\n\n<p class=\"has-small-font-size\"><br>Gi\u1eef g\u00ecn v\u00e0 ph\u00e1t tri\u1ec3n l\u00faa T\u1ebb \u0111en truy\u1ec1n th\u1ed1ng.<\/p>\n<\/div>\n\n\n\n<div class=\"wp-block-column is-layout-flow wp-block-column-is-layout-flow\">\n<h2 class=\"wp-block-heading has-medium-font-size\">\ud83e\uddea  <strong>Ch\u1ebf bi\u1ebfn s\u00e2u<\/strong><\/h2>\n\n\n\n<p class=\"has-small-font-size\" style=\"padding-top:0;padding-bottom:0\"><br>\u1ee8ng d\u1ee5ng c\u00f4ng ngh\u1ec7 s\u1ea5y th\u0103ng hoa hi\u1ec7n \u0111\u1ea1i.<\/p>\n<\/div>\n\n\n\n<div class=\"wp-block-column is-layout-flow wp-block-column-is-layout-flow\">\n<h2 class=\"wp-block-heading has-medium-font-size\">\ud83c\udfc6  <strong>20 n\u0103m kinh nghi\u1ec7m<\/strong><\/h2>\n\n\n\n<p class=\"has-small-font-size\"><br>Ph\u00e1t tri\u1ec3n b\u1ec1n v\u1eefng v\u00ec dinh d\u01b0\u1ee1ng ng\u01b0\u1eddi Vi\u1ec7t.<\/p>\n<\/div>\n<\/div>\n\n\n\n<div class=\"wp-block-group is-layout-constrained wp-container-core-group-is-layout-81115059 wp-block-group-is-layout-constrained\" style=\"padding-top:25px;padding-right:25px;padding-bottom:25px;padding-left:25px\">\n<h2 class=\"wp-block-heading has-text-align-center\">S\u1ea2N PH\u1ea8M CH\u1ee6 L\u1ef0C<\/h2>\n<\/div>\n\n\n\n<p class=\"has-text-align-center\">T\u1eeb gi\u1ed1ng l\u00faa T\u1ebb \u0111en truy\u1ec1n th\u1ed1ng, ch\u00fang t\u00f4i ph\u00e1t tri\u1ec3n c\u00e1c s\u1ea3n ph\u1ea9m dinh d\u01b0\u1ee1ng hi\u1ec7n \u0111\u1ea1i.<\/p>\n\n\n\n<h4 class=\"wp-block-heading has-text-align-center\">D\u00d2NG S\u1eeeA G\u1ea0O L\u1ee8T T\u1eba \u0110EN<\/h4>\n\n\n\n<div class=\"wp-block-columns has-background is-layout-flex wp-container-core-columns-is-layout-7d46f22e wp-block-columns-is-layout-flex\" style=\"background-color:#faf7f3;padding-top:20px;padding-right:20px;padding-bottom:20px;padding-left:20px\">\n<div class=\"wp-block-column is-layout-flow wp-block-column-is-layout-flow\">\n<h3 class=\"wp-block-heading has-text-align-center\">S\u1eefa g\u1ea1o s\u1ea5y th\u0103ng hoa<\/h3>\n\n\n\n<p class=\"has-text-align-center\">Gi\u1eef tr\u1ecdn vi ch\u1ea5t t\u1ef1 nhi\u00ean t\u1eeb gi\u1ed1ng l\u00faa T\u1ebb \u0111en nguy\u00ean b\u1ea3n.<\/p>\n\n\n\n<figure class=\"wp-block-image size-full has-custom-border\"><img loading=\"lazy\" decoding=\"async\" width=\"747\" height=\"1024\" src=\"https:\/\/cobatamky.vn\/wp-content\/uploads\/2026\/02\/Sua-gao.jpg\" alt=\"\" class=\"wp-image-42\" style=\"border-top-left-radius:20px;border-top-right-radius:20px;border-bottom-left-radius:20px;border-bottom-right-radius:20px\" srcset=\"https:\/\/cobatamky.vn\/wp-content\/uploads\/2026\/02\/Sua-gao.jpg 747w, https:\/\/cobatamky.vn\/wp-content\/uploads\/2026\/02\/Sua-gao-219x300.jpg 219w\" sizes=\"auto, (max-width: 747px) 100vw, 747px\" \/><\/figure>\n\n\n\n<div class=\"wp-block-buttons is-content-justification-center is-layout-flex wp-container-core-buttons-is-layout-2b07a965 wp-block-buttons-is-layout-flex\" style=\"padding-top:4px;padding-right:4px;padding-bottom:4px;padding-left:4px\">\n<div class=\"wp-block-button\"><a class=\"wp-block-button__link has-background wp-element-button\" style=\"background-color:#6f472c\">Xem chi ti\u1ebft<\/a><\/div>\n<\/div>\n<\/div>\n\n\n\n<div class=\"wp-block-column is-layout-flow wp-block-column-is-layout-flow\">\n<h3 class=\"wp-block-heading has-text-align-center\">S\u1eefa g\u1ea1o s\u1ea5y v\u1ecb c\u00e0 ph\u00ea<\/h3>\n\n\n\n<p class=\"has-text-align-center\">Ti\u1ec7n l\u1ee3i \u2013 \u0111\u1eadm v\u1ecb \u2013 t\u1ec9nh t\u00e1o &#8211; gi\u00e0u n\u0103ng l\u01b0\u1ee3ng m\u1ed7i ng\u00e0y.<\/p>\n\n\n\n<figure class=\"wp-block-image size-full has-custom-border\"><img loading=\"lazy\" decoding=\"async\" width=\"747\" height=\"1024\" src=\"https:\/\/cobatamky.vn\/wp-content\/uploads\/2026\/02\/vi-ca-phe.jpg\" alt=\"\" class=\"wp-image-43\" style=\"border-top-left-radius:20px;border-top-right-radius:20px;border-bottom-left-radius:20px;border-bottom-right-radius:20px\" srcset=\"https:\/\/cobatamky.vn\/wp-content\/uploads\/2026\/02\/vi-ca-phe.jpg 747w, https:\/\/cobatamky.vn\/wp-content\/uploads\/2026\/02\/vi-ca-phe-219x300.jpg 219w\" sizes=\"auto, (max-width: 747px) 100vw, 747px\" \/><\/figure>\n\n\n\n<div class=\"wp-block-buttons is-content-justification-center is-layout-flex wp-container-core-buttons-is-layout-2b07a965 wp-block-buttons-is-layout-flex\" style=\"padding-top:4px;padding-right:4px;padding-bottom:4px;padding-left:4px\">\n<div class=\"wp-block-button\"><a class=\"wp-block-button__link has-background wp-element-button\" style=\"background-color:#6f472c\">Xem chi ti\u1ebft<\/a><\/div>\n<\/div>\n<\/div>\n\n\n\n<div class=\"wp-block-column is-layout-flow wp-block-column-is-layout-flow\">\n<h3 class=\"wp-block-heading has-text-align-center\">S\u1eefa g\u1ea1o s\u1ea5y s\u00e2m l\u00e1<\/h3>\n\n\n\n<p class=\"has-text-align-center\">K\u1ebft h\u1ee3p th\u1ea3o m\u1ed9c t\u1ef1 nhi\u00ean \u2013 h\u1ed7 tr\u1ee3 t\u0103ng c\u01b0\u1eddng s\u1ee9c kh\u1ecfe.<\/p>\n\n\n\n<figure class=\"wp-block-image size-full has-custom-border\"><img loading=\"lazy\" decoding=\"async\" width=\"747\" height=\"1024\" src=\"https:\/\/cobatamky.vn\/wp-content\/uploads\/2026\/02\/sam-1.jpg\" alt=\"\" class=\"wp-image-45\" style=\"border-top-left-radius:20px;border-top-right-radius:20px;border-bottom-left-radius:20px;border-bottom-right-radius:20px\" srcset=\"https:\/\/cobatamky.vn\/wp-content\/uploads\/2026\/02\/sam-1.jpg 747w, https:\/\/cobatamky.vn\/wp-content\/uploads\/2026\/02\/sam-1-219x300.jpg 219w\" sizes=\"auto, (max-width: 747px) 100vw, 747px\" \/><\/figure>\n\n\n\n<div class=\"wp-block-buttons is-content-justification-center is-layout-flex wp-container-core-buttons-is-layout-2b07a965 wp-block-buttons-is-layout-flex\" style=\"padding-top:4px;padding-right:4px;padding-bottom:4px;padding-left:4px\">\n<div class=\"wp-block-button\"><a class=\"wp-block-button__link has-background wp-element-button\" style=\"background-color:#6f472c\">Xem chi ti\u1ebft<\/a><\/div>\n<\/div>\n<\/div>\n<\/div>\n\n\n\n<div class=\"wp-block-group has-white-background-color has-background is-layout-constrained wp-container-core-group-is-layout-81115059 wp-block-group-is-layout-constrained\" style=\"padding-top:25px;padding-right:25px;padding-bottom:25px;padding-left:25px\">\n<h3 class=\"wp-block-heading has-text-align-center has-medium-font-size\">S\u1ea2N PH\u1ea8M B\u1ed4 TR\u1ee2 DINH D\u01af\u1ee0NG<\/h3>\n<\/div>\n\n\n\n<div class=\"wp-block-columns is-layout-flex wp-container-core-columns-is-layout-28f84493 wp-block-columns-is-layout-flex\">\n<div class=\"wp-block-column is-layout-flow wp-block-column-is-layout-flow\">\n<h4 class=\"wp-block-heading has-text-align-center\">\ud83c\udf75 Tr\u00e0 g\u1ea1o l\u1ee9t T\u1ebb \u0111en<\/h4>\n\n\n\n<p class=\"has-text-align-center\">Thanh l\u1ecdc c\u01a1 th\u1ec3 \u2013 c\u00e2n b\u1eb1ng dinh d\u01b0\u1ee1ng m\u1ed7i ng\u00e0y.<\/p>\n\n\n\n<figure class=\"wp-block-image size-full is-resized has-custom-border is-style-default\"><img loading=\"lazy\" decoding=\"async\" width=\"1024\" height=\"904\" src=\"https:\/\/cobatamky.vn\/wp-content\/uploads\/2026\/02\/tra-gao-lut.jpg\" alt=\"\" class=\"wp-image-48\" style=\"border-top-left-radius:20px;border-top-right-radius:20px;border-bottom-left-radius:20px;border-bottom-right-radius:20px;object-fit:cover;width:500px;height:500px\" srcset=\"https:\/\/cobatamky.vn\/wp-content\/uploads\/2026\/02\/tra-gao-lut.jpg 1024w, https:\/\/cobatamky.vn\/wp-content\/uploads\/2026\/02\/tra-gao-lut-300x265.jpg 300w, https:\/\/cobatamky.vn\/wp-content\/uploads\/2026\/02\/tra-gao-lut-768x678.jpg 768w\" sizes=\"auto, (max-width: 1024px) 100vw, 1024px\" \/><\/figure>\n\n\n\n<div class=\"wp-block-buttons is-content-justification-center is-layout-flex wp-container-core-buttons-is-layout-a89b3969 wp-block-buttons-is-layout-flex\">\n<div class=\"wp-block-button\"><a class=\"wp-block-button__link wp-element-button\">Xem chi ti\u1ebft<\/a><\/div>\n<\/div>\n<\/div>\n\n\n\n<div class=\"wp-block-column is-layout-flow wp-block-column-is-layout-flow\">\n<h3 class=\"wp-block-heading has-text-align-center\">\ud83e\udeda G\u1eebng vi\u00ean tan<\/h3>\n\n\n\n<p class=\"has-text-align-center\">G\u1eebng non s\u00ean m\u1eadt m\u00eda 8\u201310 gi\u1edd \u2013 \u1ea5m ng\u01b0\u1eddi, h\u1ed7 tr\u1ee3 ti\u00eau h\u00f3a.<\/p>\n\n\n\n<figure class=\"wp-block-image size-full is-resized has-custom-border\"><img loading=\"lazy\" decoding=\"async\" width=\"1024\" height=\"747\" src=\"https:\/\/cobatamky.vn\/wp-content\/uploads\/2026\/02\/Gung-vien-tan.jpg\" alt=\"\" class=\"wp-image-47\" style=\"border-top-left-radius:20px;border-top-right-radius:20px;border-bottom-left-radius:20px;border-bottom-right-radius:20px;object-fit:cover;width:500px;height:500px\" srcset=\"https:\/\/cobatamky.vn\/wp-content\/uploads\/2026\/02\/Gung-vien-tan.jpg 1024w, https:\/\/cobatamky.vn\/wp-content\/uploads\/2026\/02\/Gung-vien-tan-300x219.jpg 300w, https:\/\/cobatamky.vn\/wp-content\/uploads\/2026\/02\/Gung-vien-tan-768x560.jpg 768w\" sizes=\"auto, (max-width: 1024px) 100vw, 1024px\" \/><\/figure>\n\n\n\n<div class=\"wp-block-buttons is-content-justification-center is-layout-flex wp-container-core-buttons-is-layout-a89b3969 wp-block-buttons-is-layout-flex\">\n<div class=\"wp-block-button\"><a class=\"wp-block-button__link wp-element-button\">Xem chi ti\u1ebft<\/a><\/div>\n<\/div>\n<\/div>\n<\/div>\n\n\n\n<div class=\"wp-block-group is-layout-constrained wp-container-core-group-is-layout-81115059 wp-block-group-is-layout-constrained\" style=\"padding-top:25px;padding-right:25px;padding-bottom:25px;padding-left:25px\">\n<div class=\"wp-block-columns is-layout-flex wp-container-core-columns-is-layout-28f84493 wp-block-columns-is-layout-flex\">\n<div class=\"wp-block-column is-layout-flow wp-block-column-is-layout-flow\">\n<figure class=\"wp-block-image size-medium has-custom-border\"><img loading=\"lazy\" decoding=\"async\" width=\"300\" height=\"300\" src=\"https:\/\/cobatamky.vn\/wp-content\/uploads\/2026\/02\/LoGo-Co-Ba-Tam-Ky-1-300x300.jpg\" alt=\"\" class=\"has-border-color wp-image-29\" style=\"border-color:var(--ast-global-color-4);border-width:30px;border-top-left-radius:50px;border-top-right-radius:50px;border-bottom-left-radius:50px;border-bottom-right-radius:50px\" srcset=\"https:\/\/cobatamky.vn\/wp-content\/uploads\/2026\/02\/LoGo-Co-Ba-Tam-Ky-1-300x300.jpg 300w, https:\/\/cobatamky.vn\/wp-content\/uploads\/2026\/02\/LoGo-Co-Ba-Tam-Ky-1-1024x1024.jpg 1024w, https:\/\/cobatamky.vn\/wp-content\/uploads\/2026\/02\/LoGo-Co-Ba-Tam-Ky-1-150x150.jpg 150w, https:\/\/cobatamky.vn\/wp-content\/uploads\/2026\/02\/LoGo-Co-Ba-Tam-Ky-1-768x768.jpg 768w, https:\/\/cobatamky.vn\/wp-content\/uploads\/2026\/02\/LoGo-Co-Ba-Tam-Ky-1.jpg 1171w\" sizes=\"auto, (max-width: 300px) 100vw, 300px\" \/><\/figure>\n<\/div>\n\n\n\n<div class=\"wp-block-column is-layout-flow wp-block-column-is-layout-flow\">\n<h2 class=\"wp-block-heading has-text-align-center\" style=\"line-height:1.6\">H\u00c0NH TR\u00ccNH 20 N\u0102M<\/h2>\n\n\n\n<h2 class=\"wp-block-heading has-text-align-center\"><strong>G\u0103n b\u00f3 v\u1edbi l\u00faa t\u1ebb \u0111en<\/strong><\/h2>\n\n\n\n<p class=\"has-small-font-size\">T\u1eeb nh\u1eefng c\u00e1nh \u0111\u1ed3ng l\u00faa T\u1ebb \u0111en truy\u1ec1n th\u1ed1ng, C\u00f4 Ba Tam K\u1ef3 \u0111\u00e3 d\u00e0nh h\u01a1n 20 n\u0103m nghi\u00ean c\u1ee9u, g\u00ecn gi\u1eef v\u00e0 ph\u00e1t tri\u1ec3n gi\u1ed1ng l\u00faa qu\u00fd, mang \u0111\u1ebfn nh\u1eefng s\u1ea3n ph\u1ea9m c\u00e2n b\u1eb1ng dinh d\u01b0\u1ee1ng cho ng\u01b0\u1eddi Vi\u1ec7t.<\/p>\n\n\n\n<div class=\"wp-block-buttons is-content-justification-center is-layout-flex wp-container-core-buttons-is-layout-a89b3969 wp-block-buttons-is-layout-flex\">\n<div class=\"wp-block-button is-style-fill\"><a class=\"wp-block-button__link has-background wp-element-button\" style=\"background-color:#8b5e3c\">T\u00ecm hi\u1ec3u h\u00e0nh tr\u00ecnh 20 n\u0103m<\/a><\/div>\n<\/div>\n<\/div>\n<\/div>\n<\/div>\n\n\n\n<div class=\"wp-block-group has-ast-global-color-4-background-color has-background is-layout-constrained wp-container-core-group-is-layout-d6597745 wp-block-group-is-layout-constrained\" style=\"padding-top:25px;padding-right:25px;padding-bottom:25px;padding-left:25px\">\n<p class=\"has-text-align-center has-text-color has-link-color wp-elements-6953c85c6bfcf17ee078a4d31bf6d9ca\" style=\"color:#8b5e3c;font-size:18px\"><strong>\u0110\u01a0N V\u1eca CH\u1ee6 QU\u1ea2N NH\u00c3N HI\u1ec6U<\/strong><\/p>\n<\/div>\n\n\n\n<div class=\"wp-block-group has-ast-global-color-4-background-color has-background is-layout-constrained wp-container-core-group-is-layout-81115059 wp-block-group-is-layout-constrained\" style=\"padding-top:25px;padding-right:25px;padding-bottom:25px;padding-left:25px\">\n<p class=\"has-text-align-center has-text-color has-link-color has-small-font-size wp-elements-fd5dc3baca77385a79ffecbd0c313c7e\" style=\"color:#8b5e3c;line-height:1.6\"><strong>C\u00f4 Ba Tam K\u1ef3<\/strong> l\u00e0 nh\u00e3n hi\u1ec7u tr\u1ef1c thu\u1ed9c<br><strong>C\u00d4NG TY TNHH N\u00d4NG NGHI\u1ec6P \u2013 TH\u1ef0C PH\u1ea8M DUNG<\/strong>.<\/p>\n\n\n\n<p class=\"has-text-align-center\">V\u1edbi h\u01a1n 20 n\u0103m g\u1eafn b\u00f3 c\u00f9ng gi\u1ed1ng l\u00faa T\u1ebb \u0111en truy\u1ec1n th\u1ed1ng, c\u00f4ng ty chuy\u00ean nghi\u00ean c\u1ee9u, ph\u00e1t tri\u1ec3n v\u00e0 s\u1ea3n xu\u1ea5t c\u00e1c s\u1ea3n ph\u1ea9m dinh d\u01b0\u1ee1ng t\u1ef1 nhi\u00ean, g\u00f3p ph\u1ea7n n\u00e2ng cao s\u1ee9c kh\u1ecfe ng\u01b0\u1eddi Vi\u1ec7t.<\/p>\n<\/div>\n\n\n\n<div class=\"wp-block-group is-layout-constrained wp-container-core-group-is-layout-81115059 wp-block-group-is-layout-constrained\" style=\"padding-top:25px;padding-right:25px;padding-bottom:25px;padding-left:25px\">\n<p class=\"has-text-align-left has-text-color has-link-color wp-elements-67115b6f7900917484e75c9504bd9757\" style=\"color:#6d6d6d;font-size:12px\">M\u00e3 s\u1ed1 thu\u1ebf: <a>0319390058<\/a><br>\u0110\u1ecba ch\u1ec9: T\u1ea7ng 3, to\u00e0 nh\u00e0 An Ph\u00fa Plaza, 117-119, L\u00fd Ch\u00ednh Th\u1eafng, ph\u01b0\u1eddng Xu\u00e2n Ho\u00e0, Th\u00e0nh ph\u1ed1 H\u1ed3 Ch\u00ed Minh.<br>Hotline: 0989.777.523<\/p>\n<\/div>\n\n\n\n<div class=\"wp-block-group is-layout-constrained wp-container-core-group-is-layout-3f12e8e9 wp-block-group-is-layout-constrained\" style=\"border-top-left-radius:20px;border-top-right-radius:20px;border-bottom-left-radius:20px;border-bottom-right-radius:20px;min-height:60px;padding-top:20px;padding-right:20px;padding-bottom:20px;padding-left:20px\">\n<h3 class=\"wp-block-heading has-text-align-center has-background\" style=\"background-color:#e8d8cc;font-size:25px\">Tr\u1ea3i nghi\u1ec7m dinh d\u01b0\u1ee1ng t\u1eeb l\u00faa T\u1ebb \u0111en truy\u1ec1n th\u1ed1ng<\/h3>\n\n\n\n<div class=\"wp-block-buttons has-custom-font-size has-large-font-size is-content-justification-center is-layout-flex wp-container-core-buttons-is-layout-d033f232 wp-block-buttons-is-layout-flex\">\n<div class=\"wp-block-button has-custom-width wp-block-button__width-100 is-style-fill\"><a class=\"wp-block-button__link has-background has-custom-font-size wp-element-button\" href=\"https:\/\/zalo.me\/4559106484102872515?text=T\u00f4i mu\u1ed1n \u0111\u1eb7t h\u00e0ng s\u1ea3n ph\u1ea9m C\u00f4 Ba Tam K\u1ef3\" style=\"background-color:#8b5e3c;padding-top:10px;padding-right:10px;padding-bottom:10px;padding-left:10px;font-size:20px\">\ud83d\udcac Nh\u1eafn Zalo \/ Quan t\u00e2m Zalo<\/a><\/div>\n<\/div>\n\n\n\n<div class=\"wp-block-group is-layout-constrained wp-block-group-is-layout-constrained\">\n<p class=\"has-text-align-left has-small-font-size\">Quan t\u00e2m zalo C\u00f4 Ba Tam K\u1ef3 \u0111\u1ec3 nh\u1eadn:<br>\u2714 Ki\u1ebfn th\u1ee9c dinh d\u01b0\u1ee1ng t\u1eeb l\u00faa t\u1ebb \u0111en<br>\u2714 Th\u00f4ng tin s\u1ea3n ph\u1ea9m m\u1edbi                                                                                                                                                                                                                                                 <\/p>\n<\/div>\n<\/div>\n\n\n\n<div class=\"zalo-chat-fixed\">\n<a href=\"https:\/\/zalo.me\/4559106484102872515\" target=\"_blank\">\n<img decoding=\"async\" src=\"https:\/\/upload.wikimedia.org\/wikipedia\/commons\/9\/91\/Icon_of_Zalo.svg\">\n<\/a>\n<\/div>\n\n\n\n<div class=\"sticky-order-bar\">\n<div class=\"sticky-inner\">\n<span class=\"shipping-text\">\ud83d\ude9a Giao h\u00e0ng to\u00e0n qu\u1ed1c<\/span>\n\n<a href=\"https:\/\/zalo.me\/4559106484102872515?text=T\u00f4i mu\u1ed1n \u0111\u1eb7t h\u00e0ng s\u1ea3n ph\u1ea9m C\u00f4 Ba Tam K\u1ef3\" target=\"_blank\" class=\"order-btn\">\n\u0110\u1eb6T H\u00c0NG QUA ZALO\n<\/a>\n<\/div>\n<\/div>\n\n\n\n<p><\/p>\n","protected":false},"excerpt":{"rendered":"<p>\ud83c\udf3e Dinh d\u01b0\u1ee1ng t\u1eeb l\u00faa t\u1ebb \u0111en truy\u1ec1n th\u1ed1ng &#8211; 20 n\u0103m nghi\u00ean c\u1ee9u v\u00ec s\u1ee9c kh\u1ecfe ng\u01b0\u1eddi Vi\u1ec7t GI\u00c1 [&hellip;]<\/p>\n","protected":false},"author":1,"featured_media":0,"parent":0,"menu_order":0,"comment_status":"closed","ping_status":"closed","template":"","meta":{"site-sidebar-layout":"default","site-content-layout":"","ast-site-content-layout":"default","site-content-style":"default","site-sidebar-style":"default","ast-global-header-display":"","ast-banner-title-visibility":"","ast-main-header-display":"","ast-hfb-above-header-display":"","ast-hfb-below-header-display":"","ast-hfb-mobile-header-display":"","site-post-title":"","ast-breadcrumbs-content":"","ast-featured-img":"","footer-sml-layout":"","ast-disable-related-posts":"","theme-transparent-header-meta":"","adv-header-id-meta":"","stick-header-meta":"","header-above-stick-meta":"","header-main-stick-meta":"","header-below-stick-meta":"","astra-migrate-meta-layouts":"default","ast-page-background-enabled":"default","ast-page-background-meta":{"desktop":{"background-color":"var(--ast-global-color-5)","background-image":"","background-repeat":"repeat","background-position":"center center","background-size":"auto","background-attachment":"scroll","background-type":"","background-media":"","overlay-type":"","overlay-color":"","overlay-opacity":"","overlay-gradient":""},"tablet":{"background-color":"","background-image":"","background-repeat":"repeat","background-position":"center center","background-size":"auto","background-attachment":"scroll","background-type":"","background-media":"","overlay-type":"","overlay-color":"","overlay-opacity":"","overlay-gradient":""},"mobile":{"background-color":"","background-image":"","background-repeat":"repeat","background-position":"center center","background-size":"auto","background-attachment":"scroll","background-type":"","background-media":"","overlay-type":"","overlay-color":"","overlay-opacity":"","overlay-gradient":""}},"ast-content-background-meta":{"desktop":{"background-color":"var(--ast-global-color-4)","background-image":"","background-repeat":"repeat","background-position":"center center","background-size":"auto","background-attachment":"scroll","background-type":"","background-media":"","overlay-type":"","overlay-color":"","overlay-opacity":"","overlay-gradient":""},"tablet":{"background-color":"var(--ast-global-color-4)","background-image":"","background-repeat":"repeat","background-position":"center center","background-size":"auto","background-attachment":"scroll","background-type":"","background-media":"","overlay-type":"","overlay-color":"","overlay-opacity":"","overlay-gradient":""},"mobile":{"background-color":"var(--ast-global-color-4)","background-image":"","background-repeat":"repeat","background-position":"center center","background-size":"auto","background-attachment":"scroll","background-type":"","background-media":"","overlay-type":"","overlay-color":"","overlay-opacity":"","overlay-gradient":""}},"footnotes":""},"class_list":["post-6","page","type-page","status-publish","hentry"],"_links":{"self":[{"href":"https:\/\/cobatamky.vn\/index.php\/wp-json\/wp\/v2\/pages\/6","targetHints":{"allow":["GET"]}}],"collection":[{"href":"https:\/\/cobatamky.vn\/index.php\/wp-json\/wp\/v2\/pages"}],"about":[{"href":"https:\/\/cobatamky.vn\/index.php\/wp-json\/wp\/v2\/types\/page"}],"author":[{"embeddable":true,"href":"https:\/\/cobatamky.vn\/index.php\/wp-json\/wp\/v2\/users\/1"}],"replies":[{"embeddable":true,"href":"https:\/\/cobatamky.vn\/index.php\/wp-json\/wp\/v2\/comments?post=6"}],"version-history":[{"count":64,"href":"https:\/\/cobatamky.vn\/index.php\/wp-json\/wp\/v2\/pages\/6\/revisions"}],"predecessor-version":[{"id":125,"href":"https:\/\/cobatamky.vn\/index.php\/wp-json\/wp\/v2\/pages\/6\/revisions\/125"}],"wp:attachment":[{"href":"https:\/\/cobatamky.vn\/index.php\/wp-json\/wp\/v2\/media?parent=6"}],"curies":[{"name":"wp","href":"https:\/\/api.w.org\/{rel}","templated":true}]}}